{"id":14736,"date":"2022-07-18T10:24:13","date_gmt":"2022-07-18T13:24:13","guid":{"rendered":"https:\/\/viajepragramado.com.br\/?page_id=14736"},"modified":"2026-04-01T17:25:13","modified_gmt":"2026-04-01T20:25:13","slug":"condiciones-generales","status":"publish","type":"page","link":"https:\/\/viajepragramado.com.br\/es\/condiciones-generales\/","title":{"rendered":"Condiciones generales"},"content":{"rendered":"<div data-elementor-type=\"wp-page\" data-elementor-id=\"14736\" class=\"elementor elementor-14736\" data-elementor-post-type=\"page\">\n\t\t\t\t\t\t<section class=\"elementor-section elementor-top-section elementor-element elementor-element-6ee894f elementor-section-boxed elementor-section-height-default elementor-section-height-default\" data-id=\"6ee894f\" data-element_type=\"section\" data-e-type=\"section\">\n\t\t\t\t\t\t<div class=\"elementor-container elementor-column-gap-default\">\n\t\t\t\t\t<div class=\"elementor-column elementor-col-100 elementor-top-column elementor-element elementor-element-deffcad\" data-id=\"deffcad\" data-element_type=\"column\" data-e-type=\"column\">\n\t\t\t<div class=\"elementor-widget-wrap elementor-element-populated\">\n\t\t\t\t\t\t<div class=\"elementor-element elementor-element-bcfeda5 elementor-widget elementor-widget-text-editor\" data-id=\"bcfeda5\" data-element_type=\"widget\" data-e-type=\"widget\" data-widget_type=\"text-editor.default\">\n\t\t\t\t<div class=\"elementor-widget-container\">\n\t\t\t\t\t\t\t\t\t<h1 data-start=\"358\" data-end=\"387\">CONDICIONES DE USO<\/h1><p data-start=\"388\" data-end=\"414\"><strong data-start=\"388\" data-end=\"414\">Viaje pra Gramado LTDA<\/strong><\/p><h2 data-start=\"416\" data-end=\"447\">1. PRESENTACI\u00d3N Y DEFINICIONES<\/h2><p data-start=\"449\" data-end=\"766\">Este sitio web es propiedad de <strong data-start=\"499\" data-end=\"525\">Viaje pra Gramado LTDA<\/strong>persona jur\u00eddica de derecho privado, inscrita en la <strong data-start=\"575\" data-end=\"605\">CNPJ n\u00ba 50.312.527\/0001-20<\/strong>con domicilio social en <strong data-start=\"619\" data-end=\"669\">Av. 1\u00ba de Maio n\u00ba 1539, Sala 302, Gramado - RS<\/strong>, Correo electr\u00f3nico de contacto <strong data-start=\"689\" data-end=\"721\"><a class=\"decorated-link cursor-pointer\" rel=\"noopener\" data-start=\"691\" data-end=\"719\">viajepragramadomkt@gmail.com<\/a><\/strong>, denominado en lo sucesivo <strong data-start=\"744\" data-end=\"765\">VIAJE A GRAMADO<\/strong>.<\/p><p data-start=\"768\" data-end=\"975\">Este documento establece las <strong data-start=\"803\" data-end=\"832\">Condiciones de uso<\/strong> aplicables a la navegaci\u00f3n, el uso del sitio, la publicidad de atracciones tur\u00edsticas y la intermediaci\u00f3n de ventas a trav\u00e9s de plataformas de terceros.<\/p><p data-start=\"977\" data-end=\"1272\">Al acceder a este sitio, el <strong data-start=\"1001\" data-end=\"1012\">Usuario<\/strong> declara haber le\u00eddo, comprendido y aceptado \u00edntegramente las presentes Condiciones, as\u00ed como las Pol\u00edticas complementarias, especialmente la <strong data-start=\"1137\" data-end=\"1164\">Pol\u00edtica de privacidad<\/strong>. Si no est\u00e1 de acuerdo con alguna de las disposiciones del presente documento, deber\u00e1 abstenerse de utilizar el sitio.<\/p><h3 data-start=\"1274\" data-end=\"1289\">Definiciones:<\/h3><ul data-start=\"1290\" data-end=\"1876\"><li data-start=\"1290\" data-end=\"1411\"><p data-start=\"1292\" data-end=\"1411\"><strong data-start=\"1292\" data-end=\"1300\">P\u00e1gina web<\/strong>Plataforma digital operada por Viaje pra Gramado, incluidas todas las p\u00e1ginas, subdominios y funcionalidades.<\/p><\/li><li data-start=\"1412\" data-end=\"1497\"><p data-start=\"1414\" data-end=\"1497\"><strong data-start=\"1414\" data-end=\"1425\">Usuario<\/strong>Cualquier persona que acceda al sitio, incluidos visitantes y compradores.<\/p><\/li><li data-start=\"1498\" data-end=\"1673\"><p data-start=\"1500\" data-end=\"1673\"><strong data-start=\"1500\" data-end=\"1525\">Plataformas de socios<\/strong>Sistemas de terceros responsables de la venta, reserva, pago y emisi\u00f3n de bonos, incluidos, entre otros, los siguientes <strong data-start=\"1647\" data-end=\"1657\">Planne<\/strong> e <strong data-start=\"1660\" data-end=\"1672\">Parksnet<\/strong>.<\/p><\/li><li data-start=\"1674\" data-end=\"1790\"><p data-start=\"1676\" data-end=\"1790\"><strong data-start=\"1676\" data-end=\"1686\">Comprar<\/strong>El acto de comprar entradas, experiencias o servicios tur\u00edsticos a trav\u00e9s de plataformas asociadas.<\/p><\/li><li data-start=\"1791\" data-end=\"1876\"><p data-start=\"1793\" data-end=\"1876\"><strong data-start=\"1793\" data-end=\"1804\">Vale<\/strong>Recibo electr\u00f3nico emitido por la plataforma responsable de la venta.<\/p><\/li><\/ul><hr data-start=\"1878\" data-end=\"1881\" \/><h2 data-start=\"1883\" data-end=\"1903\">2. OBJETO DEL SITIO WEB<\/h2><p data-start=\"1905\" data-end=\"2145\">Viaje pra Gramado act\u00faa como <strong data-start=\"1935\" data-end=\"2008\">intermediario en la promoci\u00f3n y comercializaci\u00f3n de atracciones tur\u00edsticas<\/strong>incluyendo parques, excursiones, experiencias y restaurantes, a trav\u00e9s de <strong data-start=\"2080\" data-end=\"2144\">programas de afiliaci\u00f3n y plataformas de venta de terceros<\/strong>.<\/p><p data-start=\"2147\" data-end=\"2414\">A Viaje pra Gramado <strong data-start=\"2167\" data-end=\"2201\">no es el operador de pago<\/strong>, <strong data-start=\"2203\" data-end=\"2225\">no emite bonos<\/strong> e <strong data-start=\"2228\" data-end=\"2278\">no ejecuta directamente los servicios adquiridos<\/strong>, Se limita a publicitar las atracciones y redirigir al Usuario a los entornos oficiales de venta de las plataformas asociadas.<\/p><hr data-start=\"2416\" data-end=\"2419\" \/><h2 data-start=\"2421\" data-end=\"2482\">3. PLATAFORMAS DE TERCEROS Y PROCESAMIENTO DE PAGOS<\/h2><p data-start=\"2484\" data-end=\"2690\">Las compras realizadas a trav\u00e9s de este sitio son <strong data-start=\"2530\" data-end=\"2612\">procesados \u00edntegramente por plataformas de venta y pago de terceros<\/strong>como <strong data-start=\"2624\" data-end=\"2634\">Planne<\/strong> e <strong data-start=\"2637\" data-end=\"2649\">Parksnet<\/strong>, que son los <strong data-start=\"2662\" data-end=\"2685\">\u00fanico responsable<\/strong> por:<\/p><ul data-start=\"2692\" data-end=\"2892\"><li data-start=\"2692\" data-end=\"2719\"><p data-start=\"2694\" data-end=\"2719\">Tramitaci\u00f3n financiera;<\/p><\/li><li data-start=\"2720\" data-end=\"2752\"><p data-start=\"2722\" data-end=\"2752\">M\u00e9todos de cobro y pago;<\/p><\/li><li data-start=\"2753\" data-end=\"2790\"><p data-start=\"2755\" data-end=\"2790\">Emisi\u00f3n de comprobantes y recibos;<\/p><\/li><li data-start=\"2791\" data-end=\"2812\"><p data-start=\"2793\" data-end=\"2812\">Gesti\u00f3n de reservas;<\/p><\/li><li data-start=\"2813\" data-end=\"2840\"><p data-start=\"2815\" data-end=\"2840\">Seguridad de las transacciones;<\/p><\/li><li data-start=\"2841\" data-end=\"2892\"><p data-start=\"2843\" data-end=\"2892\">Pol\u00edtica de cancelaci\u00f3n, modificaci\u00f3n y reembolso.<\/p><\/li><\/ul><p data-start=\"2894\" data-end=\"3014\">Al finalizar la compra, el Usuario acepta la <strong data-start=\"2943\" data-end=\"2976\">t\u00e9rminos, condiciones y pol\u00edticas<\/strong> de la plataforma responsable de la venta.<\/p><hr data-start=\"3016\" data-end=\"3019\" \/><h2 data-start=\"3021\" data-end=\"3064\">4. PRECIOS, CUPONES Y VARIACIONES COMERCIALES<\/h2><p data-start=\"3066\" data-end=\"3271\">Los precios, valores promocionales, cupones de descuento y porcentajes publicados en el sitio web de Viaje pra Gramado se basan en la informaci\u00f3n facilitada por las atracciones y plataformas asociadas en el momento de la publicaci\u00f3n.<\/p><p data-start=\"3273\" data-end=\"3559\">Ocasionalmente <strong data-start=\"3283\" data-end=\"3305\">variaciones de precio<\/strong>, <strong data-start=\"3307\" data-end=\"3334\">cambios en los descuentos<\/strong>, <strong data-start=\"3336\" data-end=\"3365\">promociones de cierre<\/strong>, <strong data-start=\"3367\" data-end=\"3390\">caducidad del cup\u00f3n<\/strong> o <strong data-start=\"3394\" data-end=\"3431\">cambios en las condiciones comerciales<\/strong> pueden producirse en cualquier momento, sin previo aviso, en funci\u00f3n de las actualizaciones del proveedor o de la plataforma responsable de la venta.<\/p><p data-start=\"3561\" data-end=\"3831\">O <strong data-start=\"3563\" data-end=\"3578\">valor final<\/strong>, as\u00ed como el <strong data-start=\"3592\" data-end=\"3628\">descuentos realmente aplicados<\/strong>, ser\u00e1n siempre los presentados en el <strong data-start=\"3667\" data-end=\"3720\">entorno oficial de compras de la plataforma de socios<\/strong>, en el momento de finalizar la transacci\u00f3n, prevaleciendo sobre cualquier informaci\u00f3n divulgada previamente en el sitio.<\/p><p data-start=\"3833\" data-end=\"4109\">A Viaje pra Gramado <strong data-start=\"3853\" data-end=\"3878\">no es responsable<\/strong> por diferencias de valores, fallos de actualizaci\u00f3n, anulaci\u00f3n de cupones, cambios de precios, devoluciones o cualquier divergencia comercial, actuando exclusivamente como <strong data-start=\"4052\" data-end=\"4108\">publicidad e intermediaci\u00f3n de atracciones tur\u00edsticas<\/strong>.<\/p><hr data-start=\"4111\" data-end=\"4114\" \/><h2 data-start=\"4116\" data-end=\"4160\">5. RESPONSABILIDADES DE VIAJE PRA GRAMADO<\/h2><p data-start=\"4162\" data-end=\"4198\">Viaje pra Gramado se compromete a:<\/p><ul data-start=\"4199\" data-end=\"4385\"><li data-start=\"4199\" data-end=\"4272\"><p data-start=\"4201\" data-end=\"4272\">Difundir la informaci\u00f3n proporcionada por las atracciones y plataformas asociadas;<\/p><\/li><li data-start=\"4273\" data-end=\"4324\"><p data-start=\"4275\" data-end=\"4324\">Actuar de buena fe al intermediar en la divulgaci\u00f3n de informaci\u00f3n;<\/p><\/li><li data-start=\"4325\" data-end=\"4385\"><p data-start=\"4327\" data-end=\"4385\">Proporcionar canales de contacto para el apoyo informativo.<\/p><\/li><\/ul><p data-start=\"4387\" data-end=\"4437\">A Viaje pra Gramado <strong data-start=\"4407\" data-end=\"4432\">no es responsable<\/strong> por:<\/p><ul data-start=\"4438\" data-end=\"4682\"><li data-start=\"4438\" data-end=\"4486\"><p data-start=\"4440\" data-end=\"4486\">Fallos t\u00e9cnicos de las plataformas subcontratadas;<\/p><\/li><li data-start=\"4487\" data-end=\"4550\"><p data-start=\"4489\" data-end=\"4550\">Anulaciones, cambios o indisponibilidad de atracciones;<\/p><\/li><li data-start=\"4551\" data-end=\"4608\"><p data-start=\"4553\" data-end=\"4608\">Calidad, ejecuci\u00f3n o prestaci\u00f3n de los servicios contratados;<\/p><\/li><li data-start=\"4609\" data-end=\"4682\"><p data-start=\"4611\" data-end=\"4682\">Reembolsos, anulaciones o pol\u00edticas comerciales de las plataformas asociadas.<\/p><\/li><\/ul><hr data-start=\"4684\" data-end=\"4687\" \/><h2 data-start=\"4689\" data-end=\"4727\">6. USO DEL SITIO Y COMPORTAMIENTO DE LOS USUARIOS<\/h2><p data-start=\"4729\" data-end=\"4851\">El Usuario se compromete a utilizar el sitio conforme a la legislaci\u00f3n vigente, la buena fe y las presentes Condiciones, quedando prohibido su uso:<\/p><ul data-start=\"4853\" data-end=\"5068\"><li data-start=\"4853\" data-end=\"4901\"><p data-start=\"4855\" data-end=\"4901\">Practicar actos il\u00edcitos o perjudicar a terceros;<\/p><\/li><li data-start=\"4902\" data-end=\"4956\"><p data-start=\"4904\" data-end=\"4956\">Intentar acceder a zonas restringidas o sistemas internos;<\/p><\/li><li data-start=\"4957\" data-end=\"5011\"><p data-start=\"4959\" data-end=\"5011\">Utilizar la automatizaci\u00f3n, el scraping o la ingenier\u00eda inversa;<\/p><\/li><li data-start=\"5012\" data-end=\"5068\"><p data-start=\"5014\" data-end=\"5068\">Difundir contenidos ofensivos, discriminatorios o ilegales.<\/p><\/li><\/ul><p data-start=\"5070\" data-end=\"5167\">Viaje pra Gramado podr\u00e1 restringir o bloquear el acceso al sitio si detecta un uso indebido.<\/p><hr data-start=\"5169\" data-end=\"5172\" \/><h2 data-start=\"5174\" data-end=\"5214\">7. DATOS PERSONALES, PRIVACIDAD Y LGPD<\/h2><p data-start=\"5216\" data-end=\"5313\">El tratamiento de datos personales cumple <strong data-start=\"5257\" data-end=\"5312\">Ley general de protecci\u00f3n de datos (Ley n\u00ba 13.709\/2018)<\/strong>.<\/p><p data-start=\"5315\" data-end=\"5498\">Recogida y tratamiento de datos de pago <strong data-start=\"5365\" data-end=\"5415\">exclusivamente por plataformas de terceros<\/strong>, Se almacenan en un entorno seguro y cifrado y no son almacenados por Viaje pra Gramado.<\/p><p data-start=\"5500\" data-end=\"5562\">Para m\u00e1s informaci\u00f3n, consulte <strong data-start=\"5534\" data-end=\"5561\">Pol\u00edtica de privacidad<\/strong>.<\/p><hr data-start=\"5564\" data-end=\"5567\" \/><h2 data-start=\"5569\" data-end=\"5603\">8. DISPONIBILIDAD DE ATRACCIONES<\/h2><p data-start=\"5605\" data-end=\"5774\">La disponibilidad de las atracciones depende exclusivamente de los proveedores y las plataformas asociadas, y puede cambiar por motivos operativos, estacionales o t\u00e9cnicos.<\/p><hr data-start=\"5776\" data-end=\"5779\" \/><h2 data-start=\"5781\" data-end=\"5827\">9. ANULACI\u00d3N, ARREPENTIMIENTO Y REEMBOLSO<\/h2><p data-start=\"5829\" data-end=\"5978\">Las normas para cancelaciones, cambios y reembolsos son las siguientes <strong data-start=\"5886\" data-end=\"5904\">exclusivamente<\/strong> las pol\u00edticas de la plataforma responsable de la venta y la atracci\u00f3n adquirida.<\/p><p data-start=\"5980\" data-end=\"6084\">A Viaje pra Gramado <strong data-start=\"6000\" data-end=\"6024\">no tiene autonom\u00eda<\/strong> para realizar anulaciones o cambios en las compras realizadas.<\/p><hr data-start=\"6086\" data-end=\"6089\" \/><h2 data-start=\"6091\" data-end=\"6121\">10. PROPIEDAD INTELECTUAL<\/h2><p data-start=\"6123\" data-end=\"6316\">Todo el contenido del sitio, incluyendo textos, im\u00e1genes, marcas, logotipos e identidad visual, es propiedad de Viaje pra Gramado o tiene licencia para ello y est\u00e1 protegido por la legislaci\u00f3n brasile\u00f1a.<\/p><p data-start=\"6318\" data-end=\"6385\">Queda prohibida la reproducci\u00f3n o utilizaci\u00f3n no autorizada de cualquier contenido.<\/p><hr data-start=\"6387\" data-end=\"6390\" \/><h2 data-start=\"6392\" data-end=\"6428\">11. ENLACES A SITIOS WEB DE TERCEROS<\/h2><p data-start=\"6430\" data-end=\"6572\">El sitio puede contener enlaces a sitios de terceros. Viaje pra Gramado no es responsable del contenido, las pr\u00e1cticas o las pol\u00edticas de estos sitios.<\/p><hr data-start=\"6574\" data-end=\"6577\" \/><h2 data-start=\"6579\" data-end=\"6607\">12. CAMBIOS EN LAS CONDICIONES<\/h2><p data-start=\"6609\" data-end=\"6744\">Viaje pra Gramado puede modificar estas Condiciones en cualquier momento. Los cambios entrar\u00e1n en vigor a partir de su publicaci\u00f3n en el sitio web.<\/p><hr data-start=\"6746\" data-end=\"6749\" \/><h2 data-start=\"6751\" data-end=\"6778\">13. LEY APLICABLE Y JURISDICCI\u00d3N<\/h2><p data-start=\"6780\" data-end=\"6969\">Estas Condiciones se rigen por las leyes de <strong data-start=\"6819\" data-end=\"6853\">Rep\u00fablica Federativa de Brasil<\/strong>el tribunal del distrito de <strong data-start=\"6891\" data-end=\"6905\">Gramado\/RS<\/strong>con renuncia a cualquier otro, por privilegiado que sea.<\/p>\t\t\t\t\t\t\t\t<\/div>\n\t\t\t\t<\/div>\n\t\t\t\t\t<\/div>\n\t\t<\/div>\n\t\t\t\t\t<\/div>\n\t\t<\/section>\n\t\t\t\t<\/div>\n\t\t\n\n<div class=\"kk-star-ratings kksr-auto kksr-align-left kksr-valign-bottom\"\n    data-payload='{&quot;align&quot;:&quot;left&quot;,&quot;id&quot;:&quot;14736&quot;,&quot;slug&quot;:&quot;default&quot;,&quot;valign&quot;:&quot;bottom&quot;,&quot;ignore&quot;:&quot;&quot;,&quot;reference&quot;:&quot;auto&quot;,&quot;class&quot;:&quot;&quot;,&quot;count&quot;:&quot;0&quot;,&quot;legendonly&quot;:&quot;&quot;,&quot;readonly&quot;:&quot;&quot;,&quot;score&quot;:&quot;0&quot;,&quot;starsonly&quot;:&quot;&quot;,&quot;best&quot;:&quot;5&quot;,&quot;gap&quot;:&quot;5&quot;,&quot;greet&quot;:&quot;Vote Aqui&quot;,&quot;legend&quot;:&quot;0\\\/5 - (0 votes)&quot;,&quot;size&quot;:&quot;24&quot;,&quot;title&quot;:&quot;Termos \\u0026amp; Condi\u00e7\u00f5es&quot;,&quot;width&quot;:&quot;0&quot;,&quot;_legend&quot;:&quot;{score}\\\/{best} - ({count} {votes})&quot;,&quot;font_factor&quot;:&quot;1.25&quot;}'>\n            \n<div class=\"kksr-stars\">\n    \n<div class=\"kksr-stars-inactive\">\n            <div class=\"kksr-star\" data-star=\"1\" style=\"padding-right: 5px\">\n            \n\n<div class=\"kksr-icon\" style=\"width: 24px; height: 24px;\"><\/div>\n        <\/div>\n            <div class=\"kksr-star\" data-star=\"2\" style=\"padding-right: 5px\">\n            \n\n<div class=\"kksr-icon\" style=\"width: 24px; height: 24px;\"><\/div>\n        <\/div>\n            <div class=\"kksr-star\" data-star=\"3\" style=\"padding-right: 5px\">\n            \n\n<div class=\"kksr-icon\" style=\"width: 24px; height: 24px;\"><\/div>\n        <\/div>\n            <div class=\"kksr-star\" data-star=\"4\" style=\"padding-right: 5px\">\n            \n\n<div class=\"kksr-icon\" style=\"width: 24px; height: 24px;\"><\/div>\n        <\/div>\n            <div class=\"kksr-star\" data-star=\"5\" style=\"padding-right: 5px\">\n            \n\n<div class=\"kksr-icon\" style=\"width: 24px; height: 24px;\"><\/div>\n        <\/div>\n    <\/div>\n    \n<div class=\"kksr-stars-active\" style=\"width: 0px;\">\n            <div class=\"kksr-star\" style=\"padding-right: 5px\">\n            \n\n<div class=\"kksr-icon\" style=\"width: 24px; height: 24px;\"><\/div>\n        <\/div>\n            <div class=\"kksr-star\" style=\"padding-right: 5px\">\n            \n\n<div class=\"kksr-icon\" style=\"width: 24px; height: 24px;\"><\/div>\n        <\/div>\n            <div class=\"kksr-star\" style=\"padding-right: 5px\">\n            \n\n<div class=\"kksr-icon\" style=\"width: 24px; height: 24px;\"><\/div>\n        <\/div>\n            <div class=\"kksr-star\" style=\"padding-right: 5px\">\n            \n\n<div class=\"kksr-icon\" style=\"width: 24px; height: 24px;\"><\/div>\n        <\/div>\n            <div class=\"kksr-star\" style=\"padding-right: 5px\">\n            \n\n<div class=\"kksr-icon\" style=\"width: 24px; height: 24px;\"><\/div>\n        <\/div>\n    <\/div>\n<\/div>\n                \n\n<div class=\"kksr-legend\" style=\"font-size: 19.2px;\">\n            <span class=\"kksr-muted\">Vote aqu\u00ed<\/span>\n    <\/div>\n    <\/div>","protected":false},"excerpt":{"rendered":"<p>TERMOS E CONDI\u00c7\u00d5ES DE USO Viaje pra Gramado LTDA 1. APRESENTA\u00c7\u00c3O E DEFINI\u00c7\u00d5ES Este site \u00e9 de propriedade, mantido e operado por Viaje pra Gramado LTDA, pessoa jur\u00eddica de direito privado, inscrita no CNPJ n\u00ba 50.312.527\/0001-20, com sede na Av. 1\u00ba de Maio n\u00ba 1539, Sala 302, Gramado \u2013 RS, e-mail de contato viajepragramadomkt@gmail.com, doravante [&hellip;]<\/p>\n","protected":false},"author":122,"featured_media":0,"parent":0,"menu_order":0,"comment_status":"closed","ping_status":"closed","template":"elementor_header_footer","meta":{"footnotes":""},"class_list":["post-14736","page","type-page","status-publish","has-post-thumbnail","hentry"],"featured_image_src":"https:\/\/placehold.co\/600x400","_links":{"self":[{"href":"https:\/\/viajepragramado.com.br\/es\/wp-json\/wp\/v2\/pages\/14736","targetHints":{"allow":["GET"]}}],"collection":[{"href":"https:\/\/viajepragramado.com.br\/es\/wp-json\/wp\/v2\/pages"}],"about":[{"href":"https:\/\/viajepragramado.com.br\/es\/wp-json\/wp\/v2\/types\/page"}],"author":[{"embeddable":true,"href":"https:\/\/viajepragramado.com.br\/es\/wp-json\/wp\/v2\/users\/122"}],"replies":[{"embeddable":true,"href":"https:\/\/viajepragramado.com.br\/es\/wp-json\/wp\/v2\/comments?post=14736"}],"version-history":[{"count":0,"href":"https:\/\/viajepragramado.com.br\/es\/wp-json\/wp\/v2\/pages\/14736\/revisions"}],"wp:attachment":[{"href":"https:\/\/viajepragramado.com.br\/es\/wp-json\/wp\/v2\/media?parent=14736"}],"curies":[{"name":"wp","href":"https:\/\/api.w.org\/{rel}","templated":true}]}}